{"id":1179,"date":"2020-10-27T14:50:18","date_gmt":"2020-10-27T19:50:18","guid":{"rendered":"http:\/\/wearecardolan.com\/es\/?page_id=1179"},"modified":"2021-01-18T05:29:39","modified_gmt":"2021-01-18T10:29:39","slug":"nuestro-proceso","status":"publish","type":"page","link":"https:\/\/wearecardolan.com\/es\/nuestro-proceso\/","title":{"rendered":"Nuestro Proceso"},"content":{"rendered":"<div class=\"wpb-content-wrapper\"><p>[vc_row full_width=&#8221;stretch_row_content_no_spaces&#8221; full_height=&#8221;yes&#8221; equal_height=&#8221;yes&#8221; css=&#8221;.vc_custom_1610747762074{background-image: url(http:\/\/wearecardolan.com\/es\/wp-content\/uploads\/2021\/01\/3_0Banner_OurProcess.jpg?id=1881) !important;background-position: center !important;background-repeat: no-repeat !important;background-size: cover !important;}&#8221;][vc_column][rev_slider_vc alias=&#8221;proceso&#8221;][\/vc_column][\/vc_row][vc_row full_width=&#8221;stretch_row&#8221; full_height=&#8221;yes&#8221; css=&#8221;.vc_custom_1605914831923{margin-right: 10px !important;margin-left: 10px !important;background-color: #f5f0ec !important;}&#8221;][vc_column width=&#8221;1\/2&#8243;][vc_empty_space height=&#8221;200px&#8221;][vc_column_text]<\/p>\n<h3><span style=\"font-size: 24pt;\">Crianza de<br \/>\novejas<\/span><\/h3>\n<p>[\/vc_column_text][vc_column_text]En las hermosas monta\u00f1as andinas de la cordillera oriental colombiana, situada a unos 2800 metros al nivel del mar est\u00e1 Pismal, la tierra donde viven nuestras ovejas. Est\u00e1 rodeada de cientos de hect\u00e1reas de bosque de niebla primario, de nacimientos de agua y quebradas que tenemos como prop\u00f3sito proteger.<\/p>\n<p>En este momento nuestro reba\u00f1o est\u00e1 compuesto de un 75% de ovejas corriedale y un 25% de ovejas merino, que producen una lana suave y c\u00e1lida, ideal para mantas, tapetes y otros tejidos.[\/vc_column_text][\/vc_column][vc_column width=&#8221;1\/2&#8243;][\/vc_column][vc_column][\/vc_column][vc_column width=&#8221;1\/2&#8243;][vc_single_image image=&#8221;1882&#8243; img_size=&#8221;full&#8221;][\/vc_column][vc_column width=&#8221;1\/2&#8243;][vc_single_image image=&#8221;1883&#8243; img_size=&#8221;full&#8221;][vc_empty_space height=&#8221;100px&#8221;][\/vc_column][\/vc_row][vc_row full_width=&#8221;stretch_row&#8221; full_height=&#8221;yes&#8221; css=&#8221;.vc_custom_1607368891440{margin-right: 10px !important;margin-bottom: -50px !important;margin-left: 10px !important;background-color: #ebe6e0 !important;}&#8221;][vc_column width=&#8221;1\/2&#8243;][vc_empty_space height=&#8221;100px&#8221;][vc_column_text]<\/p>\n<h3><span style=\"font-size: 24pt;\">Hilado<\/span><\/h3>\n<p>[\/vc_column_text][vc_column_text]La lana de CARDOL\u00c1N es hilada solo de manera manual por mujeres artesanas, usando una t\u00e9cnica antigua que aprendieron de sus madres. Esto les da una oportunidad de obtener ingresos para ellas y sus familias.[\/vc_column_text][\/vc_column][vc_column width=&#8221;1\/2&#8243;][\/vc_column][vc_column][\/vc_column][vc_column width=&#8221;1\/2&#8243;][vc_single_image image=&#8221;1884&#8243; img_size=&#8221;full&#8221; alignment=&#8221;center&#8221;][\/vc_column][vc_column width=&#8221;1\/2&#8243;][vc_single_image image=&#8221;1885&#8243; img_size=&#8221;full&#8221; alignment=&#8221;center&#8221;][vc_empty_space height=&#8221;100px&#8221;][\/vc_column][\/vc_row][vc_row full_width=&#8221;stretch_row_content_no_spaces&#8221; css=&#8221;.vc_custom_1606850370976{margin-top: -50px !important;margin-bottom: -50px !important;}&#8221;][vc_column][vc_single_image image=&#8221;1886&#8243; img_size=&#8221;1919&#215;673&#8243; alignment=&#8221;center&#8221;][\/vc_column][\/vc_row][vc_row full_width=&#8221;stretch_row&#8221; css=&#8221;.vc_custom_1605914851249{margin-right: 10px !important;margin-left: 10px !important;background-color: #f5f0ec !important;}&#8221;][vc_column width=&#8221;1\/2&#8243;][vc_empty_space height=&#8221;50px&#8221;][vc_column_text]<\/p>\n<h3><span style=\"font-size: 24pt;\">Los colores<\/span><\/h3>\n<p>[\/vc_column_text][vc_column_text]La lana hilada de CARDOL\u00c1N se ti\u00f1e manualmente utilizando en su mayor\u00eda tinturas sacadas de plantas, ra\u00edces y frutas de la regi\u00f3n como nuez de nogal, liquen, roble, divi-divi y achiote, as\u00ed como de otras fuentes vegetales.<\/p>\n<p>Ocasionalmente, para obtener algunos colores espec\u00edficos o para adquirir cierta consistencia, utilizamos tinturas sint\u00e9ticas de m\u00ednimo impacto ambiental.[\/vc_column_text][\/vc_column][vc_column width=&#8221;1\/2&#8243;][\/vc_column][vc_column][\/vc_column][vc_column width=&#8221;1\/3&#8243;][vc_single_image image=&#8221;1887&#8243; img_size=&#8221;full&#8221; alignment=&#8221;center&#8221;][\/vc_column][vc_column width=&#8221;1\/3&#8243;][vc_single_image image=&#8221;1888&#8243; img_size=&#8221;full&#8221; alignment=&#8221;center&#8221;][\/vc_column][vc_column width=&#8221;1\/3&#8243;][vc_single_image image=&#8221;1889&#8243; img_size=&#8221;full&#8221; alignment=&#8221;center&#8221;][vc_empty_space height=&#8221;50px&#8221;][\/vc_column][\/vc_row][vc_row full_width=&#8221;stretch_row&#8221; full_height=&#8221;yes&#8221; css=&#8221;.vc_custom_1607368904005{margin-right: 10px !important;margin-bottom: -50px !important;margin-left: 10px !important;background-color: #ebe6e0 !important;}&#8221;][vc_column width=&#8221;1\/2&#8243;][vc_empty_space height=&#8221;100px&#8221;][vc_column_text]<\/p>\n<h3><span style=\"font-size: 24pt;\">Tejidos<\/span><\/h3>\n<p>[\/vc_column_text][vc_column_text]Una vez enhebradas en nuestros telares para tejido plano de 4 marcos, tejemos mantas, tapetes, cojines, chales, ruanas y m\u00e1s.[\/vc_column_text][\/vc_column][vc_column width=&#8221;1\/2&#8243;][\/vc_column][vc_column][\/vc_column][vc_column width=&#8221;1\/2&#8243;][vc_single_image image=&#8221;1890&#8243; img_size=&#8221;full&#8221; alignment=&#8221;center&#8221;][\/vc_column][vc_column width=&#8221;1\/2&#8243;][vc_single_image image=&#8221;1891&#8243; img_size=&#8221;full&#8221; alignment=&#8221;center&#8221;][vc_empty_space height=&#8221;100px&#8221;][\/vc_column][\/vc_row][vc_row full_width=&#8221;stretch_row_content_no_spaces&#8221; css=&#8221;.vc_custom_1606850370976{margin-top: -50px !important;margin-bottom: -50px !important;}&#8221;][vc_column][vc_single_image image=&#8221;1892&#8243; img_size=&#8221;1919&#215;673&#8243; alignment=&#8221;center&#8221;][\/vc_column][\/vc_row][vc_row full_width=&#8221;stretch_row&#8221; css=&#8221;.vc_custom_1605914865408{margin-right: 10px !important;margin-bottom: -40px !important;margin-left: 10px !important;background-color: #f5f0ec !important;}&#8221;][vc_column width=&#8221;1\/2&#8243;][vc_empty_space height=&#8221;50px&#8221;][vc_column_text]<\/p>\n<h3><span style=\"font-size: 24pt;\">Tu eres parte del proceso<\/span><\/h3>\n<p>[\/vc_column_text][vc_column_text]\u00a1Queremos que seas parte de este proceso! Conoce nuestras mantas, ruanas, cojines y otros productos visitando las <a href=\"http:\/\/wearecardolan.com\/es\/que-hay-en-stock\/\"><u>tiendas donde se exhiben<\/u> <\/a> en Bogot\u00e1, o ve al <u><a href=\"http:\/\/wearecardolan.com\/es\/tu-propio-diseno\/\">men\u00fa<\/a> <\/u>y dise\u00f1a tu propia pieza.[\/vc_column_text][\/vc_column][vc_column width=&#8221;1\/2&#8243;][\/vc_column][vc_column][\/vc_column][vc_column width=&#8221;1\/3&#8243;][vc_single_image image=&#8221;1893&#8243; img_size=&#8221;full&#8221; alignment=&#8221;center&#8221;][\/vc_column][vc_column width=&#8221;1\/3&#8243;][vc_single_image image=&#8221;1894&#8243; img_size=&#8221;full&#8221; alignment=&#8221;center&#8221;][\/vc_column][vc_column width=&#8221;1\/3&#8243;][vc_single_image image=&#8221;1895&#8243; img_size=&#8221;full&#8221; alignment=&#8221;center&#8221;][vc_empty_space height=&#8221;150px&#8221;][\/vc_column][\/vc_row]<\/p>\n<\/div>","protected":false},"excerpt":{"rendered":"<p>[vc_row full_width=&#8221;stretch_row_content_no_spaces&#8221; full_height=&#8221;yes&#8221; equal_height=&#8221;yes&#8221; css=&#8221;.vc_custom_1610747762074{background-image: url(http:\/\/wearecardolan.com\/es\/wp-content\/uploads\/2021\/01\/3_0Banner_OurProcess.jpg?id=1881) !important;background-position: center !important;background-repeat: no-repeat !important;background-size: cover !important;}&#8221;][vc_column][rev_slider_vc alias=&#8221;proceso&#8221;][\/vc_column][\/vc_row][vc_row full_width=&#8221;stretch_row&#8221; full_height=&#8221;yes&#8221; css=&#8221;.vc_custom_1605914831923{margin-right: 10px !important;margin-left: 10px<\/p>\n","protected":false},"author":1,"featured_media":0,"parent":0,"menu_order":0,"comment_status":"closed","ping_status":"closed","template":"","meta":{"footnotes":""},"class_list":["post-1179","page","type-page","status-publish","hentry"],"_links":{"self":[{"href":"https:\/\/wearecardolan.com\/es\/wp-json\/wp\/v2\/pages\/1179","targetHints":{"allow":["GET"]}}],"collection":[{"href":"https:\/\/wearecardolan.com\/es\/wp-json\/wp\/v2\/pages"}],"about":[{"href":"https:\/\/wearecardolan.com\/es\/wp-json\/wp\/v2\/types\/page"}],"author":[{"embeddable":true,"href":"https:\/\/wearecardolan.com\/es\/wp-json\/wp\/v2\/users\/1"}],"replies":[{"embeddable":true,"href":"https:\/\/wearecardolan.com\/es\/wp-json\/wp\/v2\/comments?post=1179"}],"version-history":[{"count":6,"href":"https:\/\/wearecardolan.com\/es\/wp-json\/wp\/v2\/pages\/1179\/revisions"}],"predecessor-version":[{"id":2008,"href":"https:\/\/wearecardolan.com\/es\/wp-json\/wp\/v2\/pages\/1179\/revisions\/2008"}],"wp:attachment":[{"href":"https:\/\/wearecardolan.com\/es\/wp-json\/wp\/v2\/media?parent=1179"}],"curies":[{"name":"wp","href":"https:\/\/api.w.org\/{rel}","templated":true}]}}