{"id":2372,"date":"2024-07-02T08:39:28","date_gmt":"2024-07-02T13:39:28","guid":{"rendered":"https:\/\/wearecardolan.com\/es\/?page_id=2372"},"modified":"2024-07-02T10:43:02","modified_gmt":"2024-07-02T15:43:02","slug":"politicas-de-envio-y-reembolsos","status":"publish","type":"page","link":"https:\/\/wearecardolan.com\/es\/politicas-de-envio-y-reembolsos\/","title":{"rendered":"Pol\u00edticas de env\u00edo y reembolsos"},"content":{"rendered":"<div class=\"wpb-content-wrapper\"><p>[vc_row full_width=&#8221;stretch_row&#8221; css=&#8221;.vc_custom_1719934980603{margin-top: -100px !important;margin-bottom: -50px !important;background-color: #f5f0ec !important;}&#8221;][vc_column][vc_column_text]<strong>Env\u00edo<\/strong><br \/>\nNos regimos bajo las pol\u00edticas de env\u00edo de Servientrega e Interrapidisimo, las dos compa\u00f1\u00edas aliadas que usamos para esto. Su env\u00edo puede demorarse entre 1-5 d\u00edas si es un producto que est\u00e1 en inventario. Tenga en cuenta que la mayor\u00eda de nuestros productos se confeccionan bajo pedido, por lo que usted recibir\u00e1 su compra en 20 d\u00edas h\u00e1biles (dentro de los cuales est\u00e1n contemplados los d\u00edas de env\u00edo).<\/p>\n<p><strong>Reembolso<\/strong><br \/>\nUn reembolso solo puede ocurrir en caso de un defecto de calidad del producto. En este caso, una compra puede ser devuelta dentro de los 14 d\u00edas siguientes a la entrega y Cardol\u00e1n lo reemplazar\u00e1. Cuando no sea posible, se acreditar\u00e1 el monto completo al cliente. El desgaste no se considera un defecto de calidad y no estar\u00e1 cubierto.<\/p>\n<p><strong>Devoluciones<\/strong><br \/>\nEsta pol\u00edtica es v\u00e1lida por 14 d\u00edas. No podremos ofrecer un reembolso o cambio despu\u00e9s de 14 d\u00edas desde la entrega.<\/p>\n<p>Los art\u00edculos deben ser devueltos sin uso y con todas las etiquetas originales de Cardol\u00e1n a\u00fan adheridas. Las devoluciones que no cumplan con nuestra pol\u00edtica ser\u00e1n reenviadas de vuelta a usted.<\/p>\n<p>Al devolver el producto, debe ser enviado a Simijaca, Cundinamarca en Colombia. Cont\u00e1ctese con nosotros para que le proveamos la informaci\u00f3n necesaria.<\/p>\n<p>El cliente ser\u00e1 responsable de pagar los costos de env\u00edo.<\/p>\n<p><strong>Art\u00edculos en oferta<\/strong><br \/>\nLamentablemente, los art\u00edculos en oferta no ser\u00e1n reembolsados.<\/p>\n<p><strong>Cambios<\/strong><br \/>\nPodemos hacer un cambio siempre y cuando el o los art\u00edculos sean devueltos sin uso y con todas las etiquetas originales de Cardol\u00e1n a\u00fan adheridas. Los cambios que no cumplan con nuestra pol\u00edtica ser\u00e1n reenviados de vuelta a usted. Si su art\u00edculo est\u00e1 defectuoso o da\u00f1ado, por favor dir\u00edjase a la secci\u00f3n Reembolso.<\/p>\n<p>Para cualquier otra consulta, cont\u00e1ctenos en <a href=\"mailto:hello@wearecardolan.com\" target=\"_blank\" rel=\"nofollow noopener\">hello@wearecardolan.com<\/a>[\/vc_column_text][\/vc_column][\/vc_row]<\/p>\n<\/div>","protected":false},"excerpt":{"rendered":"<p>[vc_row full_width=&#8221;stretch_row&#8221; css=&#8221;.vc_custom_1719934980603{margin-top: -100px !important;margin-bottom: -50px !important;background-color: #f5f0ec !important;}&#8221;][vc_column][vc_column_text]Env\u00edo Nos regimos bajo las pol\u00edticas de env\u00edo de Servientrega e Interrapidisimo,<\/p>\n","protected":false},"author":2,"featured_media":0,"parent":0,"menu_order":0,"comment_status":"closed","ping_status":"closed","template":"","meta":{"footnotes":""},"class_list":["post-2372","page","type-page","status-publish","hentry"],"_links":{"self":[{"href":"https:\/\/wearecardolan.com\/es\/wp-json\/wp\/v2\/pages\/2372","targetHints":{"allow":["GET"]}}],"collection":[{"href":"https:\/\/wearecardolan.com\/es\/wp-json\/wp\/v2\/pages"}],"about":[{"href":"https:\/\/wearecardolan.com\/es\/wp-json\/wp\/v2\/types\/page"}],"author":[{"embeddable":true,"href":"https:\/\/wearecardolan.com\/es\/wp-json\/wp\/v2\/users\/2"}],"replies":[{"embeddable":true,"href":"https:\/\/wearecardolan.com\/es\/wp-json\/wp\/v2\/comments?post=2372"}],"version-history":[{"count":5,"href":"https:\/\/wearecardolan.com\/es\/wp-json\/wp\/v2\/pages\/2372\/revisions"}],"predecessor-version":[{"id":2398,"href":"https:\/\/wearecardolan.com\/es\/wp-json\/wp\/v2\/pages\/2372\/revisions\/2398"}],"wp:attachment":[{"href":"https:\/\/wearecardolan.com\/es\/wp-json\/wp\/v2\/media?parent=2372"}],"curies":[{"name":"wp","href":"https:\/\/api.w.org\/{rel}","templated":true}]}}