{"id":2375,"date":"2024-07-02T08:41:03","date_gmt":"2024-07-02T13:41:03","guid":{"rendered":"https:\/\/wearecardolan.com\/es\/?page_id=2375"},"modified":"2024-07-02T10:51:36","modified_gmt":"2024-07-02T15:51:36","slug":"politica-de-tratamiento-de-datos","status":"publish","type":"page","link":"https:\/\/wearecardolan.com\/es\/politica-de-tratamiento-de-datos\/","title":{"rendered":"Pol\u00edtica de tratamiento de datos"},"content":{"rendered":"<div class=\"wpb-content-wrapper\"><p>[vc_row full_width=&#8221;stretch_row&#8221; css=&#8221;.vc_custom_1719935494826{margin-top: -100px !important;margin-bottom: -50px !important;background-color: #f5f0ec !important;}&#8221;][vc_column][vc_column_text]<\/p>\n<p style=\"text-align: justify;\">Estamos comprometidos a brindarle la experiencia de servicio al cliente m\u00e1s transparente y amigable. Por eso hemos redactado este documento con la pol\u00edtica de privacidad para www.wearecardolan.com<\/p>\n<p style=\"text-align: justify;\"><strong>Recopilaci\u00f3n de su informaci\u00f3n personal<\/strong><br \/>\nNuestro sitio web est\u00e1 principalmente abierto para que lo disfrute sin necesidad de proporcionar ninguna informaci\u00f3n. Sin embargo, para acceder a soporte personalizado de atenci\u00f3n al cliente, es necesario que proporcione informaci\u00f3n personal identificable. Esto puede incluir, entre otros, su nombre, su correo electr\u00f3nico o su n\u00famero de contacto telef\u00f3nico.<\/p>\n<p style=\"text-align: justify;\"><strong>Sobre el compartir de su informaci\u00f3n personal<\/strong><br \/>\nEn ocasiones, podemos asociarnos con otras empresas para proporcionar servicios en nuestro nombre, incluyendo pero no limit\u00e1ndose al procesamiento de transacciones o env\u00edos de mercanc\u00edas. Estas empresas estar\u00e1n autorizadas a acceder \u00fanicamente a la informaci\u00f3n personal que necesiten para ofrecer el servicio. En Cardol\u00e1n tomamos medidas adecuadas para asegurar que dichas organizaciones est\u00e9n comprometidas mediante acuerdos de confidencialidad y privacidad para proteger su informaci\u00f3n personal.<\/p>\n<p style=\"text-align: justify;\"><strong>Uso de su informaci\u00f3n personal<\/strong><br \/>\nPara cada visitante que acceda al sitio web, recopilamos expresamente la siguiente informaci\u00f3n- incluyendo pero no limit\u00e1ndose al tipo de navegador, versi\u00f3n y idioma, sistema operativo, p\u00e1ginas visitadas, tiempos de acceso a las p\u00e1ginas y direcci\u00f3n del sitio web referente. Esta informaci\u00f3n recolectada se utiliza internamente \u00fanicamente con el prop\u00f3sito de determinar el tr\u00e1fico de visitantes, tendencias y proporcionar contenido personalizado mientras usted est\u00e1 en el sitio. Ocasionalmente, podemos utilizar la informaci\u00f3n del cliente para nuevos usos imprevistos no revelados previamente en nuestro aviso de privacidad. En caso de que nuestras pr\u00e1cticas de informaci\u00f3n cambien en el futuro, utilizaremos datos recopilados \u00fanicamente desde el momento del cambio de pol\u00edtica en adelante, de acuerdo con nuestras pr\u00e1cticas actualizadas.<\/p>\n<p style=\"text-align: justify;\"><strong>Actualizaciones de esta Pol\u00edtica de Privacidad<\/strong><br \/>\nCardol\u00e1n se reserva el derecho de modificar esta Pol\u00edtica de Privacidad en cualquier momento. Si tiene objeciones a la Pol\u00edtica de Privacidad, le pedimos que no acceda ni use este sitio.<\/p>\n<p style=\"text-align: justify;\"><strong>Acceso a su informaci\u00f3n personal<\/strong><br \/>\nTiene derecho a acceder a su informaci\u00f3n personal, sujeto a las excepciones permitidas por la ley. Si desea hacerlo, h\u00e1ganoslo saber. Deber\u00e1 enviar su solicitud por escrito por razones de seguridad. Cardol\u00e1n se reserva el derecho de establecer una tarifa por la b\u00fasqueda y provisi\u00f3n de acceso a su informaci\u00f3n, basada en solicitudes individuales.<\/p>\n<p style=\"text-align: justify;\"><strong>Contacto<\/strong><br \/>\nEn Cardol\u00e1n valoramos sus comentarios sobre esta Pol\u00edtica de Privacidad. Si tiene preguntas sobre esta Pol\u00edtica de Privacidad y desea m\u00e1s informaci\u00f3n, por favor cont\u00e1ctanos por correo electr\u00f3nico durante el horario laboral de lunes a viernes. Correo electr\u00f3nico: hello@wearecardolan.com[\/vc_column_text][\/vc_column][\/vc_row]<\/p>\n<\/div>","protected":false},"excerpt":{"rendered":"<p>[vc_row full_width=&#8221;stretch_row&#8221; css=&#8221;.vc_custom_1719935494826{margin-top: -100px !important;margin-bottom: -50px !important;background-color: #f5f0ec !important;}&#8221;][vc_column][vc_column_text] Estamos comprometidos a brindarle la experiencia de servicio al cliente m\u00e1s<\/p>\n","protected":false},"author":2,"featured_media":0,"parent":0,"menu_order":0,"comment_status":"closed","ping_status":"closed","template":"","meta":{"footnotes":""},"class_list":["post-2375","page","type-page","status-publish","hentry"],"_links":{"self":[{"href":"https:\/\/wearecardolan.com\/es\/wp-json\/wp\/v2\/pages\/2375","targetHints":{"allow":["GET"]}}],"collection":[{"href":"https:\/\/wearecardolan.com\/es\/wp-json\/wp\/v2\/pages"}],"about":[{"href":"https:\/\/wearecardolan.com\/es\/wp-json\/wp\/v2\/types\/page"}],"author":[{"embeddable":true,"href":"https:\/\/wearecardolan.com\/es\/wp-json\/wp\/v2\/users\/2"}],"replies":[{"embeddable":true,"href":"https:\/\/wearecardolan.com\/es\/wp-json\/wp\/v2\/comments?post=2375"}],"version-history":[{"count":3,"href":"https:\/\/wearecardolan.com\/es\/wp-json\/wp\/v2\/pages\/2375\/revisions"}],"predecessor-version":[{"id":2400,"href":"https:\/\/wearecardolan.com\/es\/wp-json\/wp\/v2\/pages\/2375\/revisions\/2400"}],"wp:attachment":[{"href":"https:\/\/wearecardolan.com\/es\/wp-json\/wp\/v2\/media?parent=2375"}],"curies":[{"name":"wp","href":"https:\/\/api.w.org\/{rel}","templated":true}]}}